{"id":283,"date":"2024-04-18T10:09:43","date_gmt":"2024-04-18T08:09:43","guid":{"rendered":"https:\/\/www.akl-mard.eu\/?page_id=283"},"modified":"2024-04-18T10:09:43","modified_gmt":"2024-04-18T08:09:43","slug":"beispiel-seite","status":"publish","type":"page","link":"https:\/\/www.akl-mard.eu\/","title":{"rendered":"Startseite"},"content":{"rendered":"<h2>Que signifie AKL-MARD ?<\/h2>\n<p>AKL signifie en allemand Alternative Konfliktl\u00f6sung (r\u00e9solution alternative des conflits). Cela signifie qu&rsquo;en cas de litige, il n&rsquo;est pas toujours n\u00e9cessaire d&rsquo;aller au tribunal, mais que des proc\u00e9dures alternatives peuvent \u00eatre choisies.<\/p>\n<p>MARD est l&rsquo;acronyme fran\u00e7ais de Modes Alternatifs de R\u00e8glement des Diff\u00e9rends. C&rsquo;est le terme fran\u00e7ais pour d\u00e9signer la r\u00e9solution alternative des conflits.<\/p>\n<h2>Qu&rsquo;est-ce qui vous attend sur ce site ?<\/h2>\n<p>Sur ce site Internet, vous pouvez vous informer sur la mani\u00e8re de r\u00e9soudre un conflit franco-allemand. Cela se fait tr\u00e8s simplement en quatre \u00e9tapes :<\/p>\n<h3>\u00c9tape 1 : \u00c0 qui s&rsquo;adresse ce site web ?<\/h3>\n<p>\u00c0 l&rsquo;\u00e9tape 1, vous d\u00e9couvrirez \u00e0 qui s&rsquo;adresse cette offre \u00e0 l&rsquo;aide de plusieurs exemples.<\/p>\n<h3>\u00c9tape 2 : Quelle est la situation juridique dans de tels cas ?<\/h3>\n<p>\u00c0 l&rsquo;\u00e9tape 2, une vid\u00e9o vous explique la situation juridique dans un tel cas.<\/p>\n<h3>\u00c9tape 3 : Quelles sont les possibilit\u00e9s de r\u00e9soudre le conflit ?<\/h3>\n<p>Dans l&rsquo;\u00e9tape suivante, l&rsquo;\u00e9tape 3, vous pouvez alors vous informer sur les diff\u00e9rentes possibilit\u00e9s disponibles pour votre conflit.<\/p>\n<h3>\u00c9tape 4 : Quelle est la marche \u00e0 suivre ?<\/h3>\n<p>A l&rsquo;\u00e9tape 4, nous vous expliquons comment d\u00e9terminer la proc\u00e9dure optimale pour vous ou quelle possibilit\u00e9 vous avez sur ce site en tant que prestataire MARD.<\/p>\n","protected":false},"excerpt":{"rendered":"<p>Que signifie AKL-MARD ? AKL signifie en allemand Alternative Konfliktl\u00f6sung (r\u00e9solution alternative des conflits). Cela signifie qu&rsquo;en cas de litige, il n&rsquo;est pas toujours n\u00e9cessaire d&rsquo;aller au tribunal, mais que&hellip;<!--&hellip;--> <a class=\"more-link fa fa-angle-double-right\" href=\"https:\/\/www.akl-mard.eu\/\" title=\"Read more about &quot;Startseite&quot;\"><\/a><\/p>\n","protected":false},"author":151,"featured_media":0,"parent":0,"menu_order":0,"comment_status":"closed","ping_status":"open","template":"","meta":{"_rrze_cache":"enabled","_access_permission":"","_rrze_multilang_single_locale":"fr_FR","_rrze_multilang_single_source":"http:\/\/akl-mard.cms.rrze.uni-erlangen.de\/?page_id=2","footnotes":""},"page_category":[],"page_tag":[],"class_list":["post-283","page","type-page","status-publish","hentry","fr-FR"],"_links":{"self":[{"href":"https:\/\/www.akl-mard.eu\/wp-json\/wp\/v2\/pages\/283","targetHints":{"allow":["GET"]}}],"collection":[{"href":"https:\/\/www.akl-mard.eu\/wp-json\/wp\/v2\/pages"}],"about":[{"href":"https:\/\/www.akl-mard.eu\/wp-json\/wp\/v2\/types\/page"}],"author":[{"embeddable":true,"href":"https:\/\/www.akl-mard.eu\/wp-json\/wp\/v2\/users\/151"}],"replies":[{"embeddable":true,"href":"https:\/\/www.akl-mard.eu\/wp-json\/wp\/v2\/comments?post=283"}],"version-history":[{"count":1,"href":"https:\/\/www.akl-mard.eu\/wp-json\/wp\/v2\/pages\/283\/revisions"}],"predecessor-version":[{"id":298,"href":"https:\/\/www.akl-mard.eu\/wp-json\/wp\/v2\/pages\/283\/revisions\/298"}],"wp:attachment":[{"href":"https:\/\/www.akl-mard.eu\/wp-json\/wp\/v2\/media?parent=283"}],"wp:term":[{"taxonomy":"page_category","embeddable":true,"href":"https:\/\/www.akl-mard.eu\/wp-json\/wp\/v2\/page_category?post=283"},{"taxonomy":"page_tag","embeddable":true,"href":"https:\/\/www.akl-mard.eu\/wp-json\/wp\/v2\/page_tag?post=283"}],"curies":[{"name":"wp","href":"https:\/\/api.w.org\/{rel}","templated":true}]}}