{"id":288,"date":"2024-03-27T13:10:42","date_gmt":"2024-03-27T12:10:42","guid":{"rendered":"https:\/\/www.akl-mard.eu\/?page_id=288"},"modified":"2024-03-27T14:21:33","modified_gmt":"2024-03-27T13:21:33","slug":"infopoint","status":"publish","type":"page","link":"https:\/\/www.akl-mard.eu\/fr\/infopoint\/","title":{"rendered":"Infopoint"},"content":{"rendered":"<p>Le point d&rsquo;information est le lieu central o\u00f9 vous pouvez obtenir des informations suppl\u00e9mentaires.<br \/>\n<img loading=\"lazy\" decoding=\"async\" class=\"size-medium wp-image-19 alignright\" src=\"https:\/\/www.akl-mard.eu\/files\/2023\/11\/COLOURBOX28970370-300x200.jpg\" alt=\"\" width=\"300\" height=\"200\" srcset=\"https:\/\/www.akl-mard.eu\/files\/2023\/11\/COLOURBOX28970370-300x200.jpg 300w, https:\/\/www.akl-mard.eu\/files\/2023\/11\/COLOURBOX28970370-1024x683.jpg 1024w, https:\/\/www.akl-mard.eu\/files\/2023\/11\/COLOURBOX28970370-768x512.jpg 768w, https:\/\/www.akl-mard.eu\/files\/2023\/11\/COLOURBOX28970370-1536x1024.jpg 1536w, https:\/\/www.akl-mard.eu\/files\/2023\/11\/COLOURBOX28970370-2048x1366.jpg 2048w, https:\/\/www.akl-mard.eu\/files\/2023\/11\/COLOURBOX28970370-864x576.jpg 864w, https:\/\/www.akl-mard.eu\/files\/2023\/11\/COLOURBOX28970370-1035x690.jpg 1035w\" sizes=\"auto, (max-width: 300px) 100vw, 300px\" \/><\/p>\n<h2>Contenu<\/h2>\n<p><a href=\"http:\/\/Actualit\u00e9s\">Actualit\u00e9s<\/a><\/p>\n<p><a href=\"https:\/\/www.akl-mard.eu\/infopoint\/projekt-und-team\/\">Projet et \u00e9quipe<\/a><\/p>\n<p><a href=\"https:\/\/www.akl-mard.eu\/infopoint\/informationen-fuer-anbieter\/\">Informations pour les prestataires des MARD<\/a><\/p>\n<h2>Contact<\/h2>\n<p>Vous souhaitez prendre contact avec nous ?<\/p>\n<p>Vous pouvez nous joindre \u00e0 l&rsquo;adresse jura-digitalisierung@fau.de !<\/p>\n","protected":false},"excerpt":{"rendered":"<p>Le point d&rsquo;information est le lieu central o\u00f9 vous pouvez obtenir des informations suppl\u00e9mentaires. Contenu Actualit\u00e9s Projet et \u00e9quipe Informations pour les prestataires des MARD Contact Vous souhaitez prendre contact&hellip;<!--&hellip;--> <a class=\"more-link fa fa-angle-double-right\" href=\"https:\/\/www.akl-mard.eu\/fr\/infopoint\/\" title=\"Read more about &quot;Infopoint&quot;\"><\/a><\/p>\n","protected":false},"author":151,"featured_media":0,"parent":0,"menu_order":0,"comment_status":"closed","ping_status":"closed","template":"page-templates\/full-width.php","meta":{"_rrze_cache":"enabled","_access_permission":"","_rrze_multilang_single_locale":"fr_FR","_rrze_multilang_single_source":"https:\/\/www.akl-mard.eu\/?page_id=90","footnotes":""},"page_category":[],"page_tag":[],"class_list":["post-288","page","type-page","status-publish","hentry","fr-FR"],"_links":{"self":[{"href":"https:\/\/www.akl-mard.eu\/wp-json\/wp\/v2\/pages\/288","targetHints":{"allow":["GET"]}}],"collection":[{"href":"https:\/\/www.akl-mard.eu\/wp-json\/wp\/v2\/pages"}],"about":[{"href":"https:\/\/www.akl-mard.eu\/wp-json\/wp\/v2\/types\/page"}],"author":[{"embeddable":true,"href":"https:\/\/www.akl-mard.eu\/wp-json\/wp\/v2\/users\/151"}],"replies":[{"embeddable":true,"href":"https:\/\/www.akl-mard.eu\/wp-json\/wp\/v2\/comments?post=288"}],"version-history":[{"count":3,"href":"https:\/\/www.akl-mard.eu\/wp-json\/wp\/v2\/pages\/288\/revisions"}],"predecessor-version":[{"id":295,"href":"https:\/\/www.akl-mard.eu\/wp-json\/wp\/v2\/pages\/288\/revisions\/295"}],"wp:attachment":[{"href":"https:\/\/www.akl-mard.eu\/wp-json\/wp\/v2\/media?parent=288"}],"wp:term":[{"taxonomy":"page_category","embeddable":true,"href":"https:\/\/www.akl-mard.eu\/wp-json\/wp\/v2\/page_category?post=288"},{"taxonomy":"page_tag","embeddable":true,"href":"https:\/\/www.akl-mard.eu\/wp-json\/wp\/v2\/page_tag?post=288"}],"curies":[{"name":"wp","href":"https:\/\/api.w.org\/{rel}","templated":true}]}}